{"id":15,"date":"2021-05-07T09:10:48","date_gmt":"2021-05-07T07:10:48","guid":{"rendered":"http:\/\/localhost\/wordpress\/legac\/?page_id=15"},"modified":"2022-01-18T22:42:42","modified_gmt":"2022-01-18T21:42:42","slug":"cuisines","status":"publish","type":"page","link":"https:\/\/legac.fr\/wordpress\/legac\/cuisines\/","title":{"rendered":"Cuisines"},"content":{"rendered":"\t\t<div data-elementor-type=\"wp-page\" data-elementor-id=\"15\" class=\"elementor elementor-15\" data-elementor-settings=\"[]\">\n\t\t\t\t\t\t\t<div class=\"elementor-section-wrap\">\n\t\t\t\t\t\t\t<section class=\"elementor-section elementor-top-section elementor-element elementor-element-5f2c5a5 elementor-section-boxed elementor-section-height-default elementor-section-height-default\" data-id=\"5f2c5a5\" data-element_type=\"section\">\n\t\t\t\t\t\t<div class=\"elementor-container elementor-column-gap-default\">\n\t\t\t\t\t<div class=\"elementor-column elementor-col-100 elementor-top-column elementor-element elementor-element-d925f02\" data-id=\"d925f02\" data-element_type=\"column\">\n\t\t\t<div class=\"elementor-widget-wrap elementor-element-populated\">\n\t\t\t\t\t\t\t\t<div class=\"elementor-element elementor-element-885a0dd elementor-widget elementor-widget-heading\" data-id=\"885a0dd\" data-element_type=\"widget\" data-widget_type=\"heading.default\">\n\t\t\t\t<div class=\"elementor-widget-container\">\n\t\t\t<h2 class=\"elementor-heading-title elementor-size-large\">Nos cuisines<\/h2>\t\t<\/div>\n\t\t\t\t<\/div>\n\t\t\t\t<div class=\"elementor-element elementor-element-beb50d4 elementor-widget elementor-widget-spacer\" data-id=\"beb50d4\" data-element_type=\"widget\" data-widget_type=\"spacer.default\">\n\t\t\t\t<div class=\"elementor-widget-container\">\n\t\t\t\t\t<div class=\"elementor-spacer\">\n\t\t\t<div class=\"elementor-spacer-inner\"><\/div>\n\t\t<\/div>\n\t\t\t\t<\/div>\n\t\t\t\t<\/div>\n\t\t\t\t<div class=\"elementor-element elementor-element-931cf90 elementor-widget elementor-widget-text-editor\" data-id=\"931cf90\" data-element_type=\"widget\" data-widget_type=\"text-editor.default\">\n\t\t\t\t<div class=\"elementor-widget-container\">\n\t\t\t\t\t\t\t\t<p>Pour \u00eatre conviviale votre cuisine doit correspondre \u00e0 votre style de vie. Nous \u00e9tudions ensemble, vos besoins, vos envies afin que votre cuisine soit \u00e9l\u00e9gante et \u00a0fonctionnelle.<\/p>\t\t\t\t\t\t<\/div>\n\t\t\t\t<\/div>\n\t\t\t\t\t<\/div>\n\t\t<\/div>\n\t\t\t\t\t\t\t<\/div>\n\t\t<\/section>\n\t\t\t\t<section class=\"elementor-section elementor-top-section elementor-element elementor-element-d870963 elementor-section-stretched elementor-section-boxed elementor-section-height-default elementor-section-height-default\" data-id=\"d870963\" data-element_type=\"section\" data-settings=\"{&quot;stretch_section&quot;:&quot;section-stretched&quot;}\">\n\t\t\t\t\t\t<div class=\"elementor-container elementor-column-gap-default\">\n\t\t\t\t\t<div class=\"elementor-column elementor-col-16 elementor-top-column elementor-element elementor-element-72df086\" data-id=\"72df086\" data-element_type=\"column\">\n\t\t\t<div class=\"elementor-widget-wrap elementor-element-populated\">\n\t\t\t\t\t\t\t\t<div class=\"elementor-element elementor-element-bad14c6 elementor-widget elementor-widget-image\" data-id=\"bad14c6\" data-element_type=\"widget\" data-settings=\"{&quot;_animation&quot;:&quot;none&quot;}\" data-widget_type=\"image.default\">\n\t\t\t\t<div class=\"elementor-widget-container\">\n\t\t\t\t\t\t\t\t\t\t\t\t<figure class=\"wp-caption\">\n\t\t\t\t\t\t\t\t\t\t\t<a href=\"\/wordpress\/legac\/cuisine-carnac\/\">\n\t\t\t\t\t\t\t<img width=\"525\" height=\"525\" src=\"https:\/\/legac.fr\/wordpress\/legac\/wp-content\/uploads\/2021\/06\/cuisine-Groix.png\" class=\"elementor-animation-float attachment-large size-large\" alt=\"\" decoding=\"async\" loading=\"lazy\" sizes=\"100vw\" \/>\t\t\t\t\t\t\t\t<\/a>\n\t\t\t\t\t\t\t\t\t\t\t<figcaption class=\"widget-image-caption wp-caption-text\">Cuisine Carnac<\/figcaption>\n\t\t\t\t\t\t\t\t\t\t<\/figure>\n\t\t\t\t\t\t\t\t\t<\/div>\n\t\t\t\t<\/div>\n\t\t\t\t\t<\/div>\n\t\t<\/div>\n\t\t\t\t<div class=\"elementor-column elementor-col-16 elementor-top-column elementor-element elementor-element-9a3560d\" data-id=\"9a3560d\" data-element_type=\"column\">\n\t\t\t<div class=\"elementor-widget-wrap elementor-element-populated\">\n\t\t\t\t\t\t\t\t<div class=\"elementor-element elementor-element-b2e4b5a elementor-widget elementor-widget-image\" data-id=\"b2e4b5a\" data-element_type=\"widget\" data-widget_type=\"image.default\">\n\t\t\t\t<div class=\"elementor-widget-container\">\n\t\t\t\t\t\t\t\t\t\t\t\t<figure class=\"wp-caption\">\n\t\t\t\t\t\t\t\t\t\t\t<a href=\"\/wordpress\/legac\/cuisine-concarneau\/\">\n\t\t\t\t\t\t\t<img width=\"525\" height=\"523\" src=\"https:\/\/legac.fr\/wordpress\/legac\/wp-content\/uploads\/2021\/06\/cuisine-Batz.png\" class=\"elementor-animation-float attachment-large size-large\" alt=\"\" decoding=\"async\" loading=\"lazy\" sizes=\"100vw\" \/>\t\t\t\t\t\t\t\t<\/a>\n\t\t\t\t\t\t\t\t\t\t\t<figcaption class=\"widget-image-caption wp-caption-text\">Cuisine Concarneau<\/figcaption>\n\t\t\t\t\t\t\t\t\t\t<\/figure>\n\t\t\t\t\t\t\t\t\t<\/div>\n\t\t\t\t<\/div>\n\t\t\t\t\t<\/div>\n\t\t<\/div>\n\t\t\t\t<div class=\"elementor-column elementor-col-16 elementor-top-column elementor-element elementor-element-8611bf3\" data-id=\"8611bf3\" data-element_type=\"column\">\n\t\t\t<div class=\"elementor-widget-wrap elementor-element-populated\">\n\t\t\t\t\t\t\t\t<div class=\"elementor-element elementor-element-ec76930 elementor-widget elementor-widget-image\" data-id=\"ec76930\" data-element_type=\"widget\" data-widget_type=\"image.default\">\n\t\t\t\t<div class=\"elementor-widget-container\">\n\t\t\t\t\t\t\t\t\t\t\t\t<figure class=\"wp-caption\">\n\t\t\t\t\t\t\t\t\t\t\t<a href=\"\/wordpress\/legac\/cuisine-carhaix\/\">\n\t\t\t\t\t\t\t<img width=\"525\" height=\"525\" src=\"https:\/\/legac.fr\/wordpress\/legac\/wp-content\/uploads\/2021\/06\/cuisine-Brehat.png\" class=\"elementor-animation-float attachment-large size-large\" alt=\"\" decoding=\"async\" loading=\"lazy\" sizes=\"100vw\" \/>\t\t\t\t\t\t\t\t<\/a>\n\t\t\t\t\t\t\t\t\t\t\t<figcaption class=\"widget-image-caption wp-caption-text\">Cuisine Carhaix<\/figcaption>\n\t\t\t\t\t\t\t\t\t\t<\/figure>\n\t\t\t\t\t\t\t\t\t<\/div>\n\t\t\t\t<\/div>\n\t\t\t\t\t<\/div>\n\t\t<\/div>\n\t\t\t\t<div class=\"elementor-column elementor-col-16 elementor-top-column elementor-element elementor-element-c4d87f0\" data-id=\"c4d87f0\" data-element_type=\"column\">\n\t\t\t<div class=\"elementor-widget-wrap elementor-element-populated\">\n\t\t\t\t\t\t\t\t<div class=\"elementor-element elementor-element-5e907c4 elementor-widget elementor-widget-image\" data-id=\"5e907c4\" data-element_type=\"widget\" data-widget_type=\"image.default\">\n\t\t\t\t<div class=\"elementor-widget-container\">\n\t\t\t\t\t\t\t\t\t\t\t\t<figure class=\"wp-caption\">\n\t\t\t\t\t\t\t\t\t\t\t<a href=\"\/wordpress\/legac\/cuisine-crozon\/\">\n\t\t\t\t\t\t\t<img width=\"525\" height=\"523\" src=\"https:\/\/legac.fr\/wordpress\/legac\/wp-content\/uploads\/2021\/06\/Bananec.png\" class=\"elementor-animation-float attachment-large size-large\" alt=\"\" decoding=\"async\" loading=\"lazy\" sizes=\"100vw\" \/>\t\t\t\t\t\t\t\t<\/a>\n\t\t\t\t\t\t\t\t\t\t\t<figcaption class=\"widget-image-caption wp-caption-text\">Cuisine Crozon<\/figcaption>\n\t\t\t\t\t\t\t\t\t\t<\/figure>\n\t\t\t\t\t\t\t\t\t<\/div>\n\t\t\t\t<\/div>\n\t\t\t\t\t<\/div>\n\t\t<\/div>\n\t\t\t\t<div class=\"elementor-column elementor-col-16 elementor-top-column elementor-element elementor-element-1253e90\" data-id=\"1253e90\" data-element_type=\"column\">\n\t\t\t<div class=\"elementor-widget-wrap elementor-element-populated\">\n\t\t\t\t\t\t\t\t<div class=\"elementor-element elementor-element-909b4b1 elementor-widget elementor-widget-image\" data-id=\"909b4b1\" data-element_type=\"widget\" data-widget_type=\"image.default\">\n\t\t\t\t<div class=\"elementor-widget-container\">\n\t\t\t\t\t\t\t\t\t\t\t\t<figure class=\"wp-caption\">\n\t\t\t\t\t\t\t\t\t\t\t<a href=\"\/wordpress\/legac\/cuisine-chateaulin\/\">\n\t\t\t\t\t\t\t<img width=\"525\" height=\"524\" src=\"https:\/\/legac.fr\/wordpress\/legac\/wp-content\/uploads\/2021\/06\/cuisine-Hoedic.png\" class=\"elementor-animation-float attachment-large size-large\" alt=\"\" decoding=\"async\" loading=\"lazy\" sizes=\"100vw\" \/>\t\t\t\t\t\t\t\t<\/a>\n\t\t\t\t\t\t\t\t\t\t\t<figcaption class=\"widget-image-caption wp-caption-text\">Cuisine Ch\u00e2teaulin<\/figcaption>\n\t\t\t\t\t\t\t\t\t\t<\/figure>\n\t\t\t\t\t\t\t\t\t<\/div>\n\t\t\t\t<\/div>\n\t\t\t\t\t<\/div>\n\t\t<\/div>\n\t\t\t\t<div class=\"elementor-column elementor-col-16 elementor-top-column elementor-element elementor-element-010ab96\" data-id=\"010ab96\" data-element_type=\"column\">\n\t\t\t<div class=\"elementor-widget-wrap elementor-element-populated\">\n\t\t\t\t\t\t\t\t<div class=\"elementor-element elementor-element-ec474d5 elementor-widget elementor-widget-image\" data-id=\"ec474d5\" data-element_type=\"widget\" data-widget_type=\"image.default\">\n\t\t\t\t<div class=\"elementor-widget-container\">\n\t\t\t\t\t\t\t\t\t\t\t\t<figure class=\"wp-caption\">\n\t\t\t\t\t\t\t\t\t\t\t<a href=\"\/wordpress\/legac\/cuisine-crach\/\">\n\t\t\t\t\t\t\t<img width=\"525\" height=\"524\" src=\"https:\/\/legac.fr\/wordpress\/legac\/wp-content\/uploads\/2021\/06\/cuisine-Houat.png\" class=\"elementor-animation-float attachment-large size-large\" alt=\"\" decoding=\"async\" loading=\"lazy\" sizes=\"100vw\" \/>\t\t\t\t\t\t\t\t<\/a>\n\t\t\t\t\t\t\t\t\t\t\t<figcaption class=\"widget-image-caption wp-caption-text\">Cuisine Crac'h<\/figcaption>\n\t\t\t\t\t\t\t\t\t\t<\/figure>\n\t\t\t\t\t\t\t\t\t<\/div>\n\t\t\t\t<\/div>\n\t\t\t\t\t<\/div>\n\t\t<\/div>\n\t\t\t\t\t\t\t<\/div>\n\t\t<\/section>\n\t\t\t\t<section class=\"elementor-section elementor-top-section elementor-element elementor-element-b6e0aca elementor-section-content-middle elementor-section-stretched elementor-section-boxed elementor-section-height-default elementor-section-height-default\" data-id=\"b6e0aca\" data-element_type=\"section\" data-settings=\"{&quot;background_background&quot;:&quot;classic&quot;,&quot;stretch_section&quot;:&quot;section-stretched&quot;}\">\n\t\t\t\t\t\t\t<div class=\"elementor-background-overlay\"><\/div>\n\t\t\t\t\t\t\t<div class=\"elementor-container elementor-column-gap-default\">\n\t\t\t\t\t<div class=\"elementor-column elementor-col-100 elementor-top-column elementor-element elementor-element-ead827e\" data-id=\"ead827e\" data-element_type=\"column\">\n\t\t\t<div class=\"elementor-widget-wrap elementor-element-populated\">\n\t\t\t\t\t\t\t\t<div class=\"elementor-element elementor-element-927f71e elementor-widget elementor-widget-text-editor\" data-id=\"927f71e\" data-element_type=\"widget\" data-widget_type=\"text-editor.default\">\n\t\t\t\t<div class=\"elementor-widget-container\">\n\t\t\t\t\t\t\t\t<p>Chaque point sera optimis\u00e9 :<\/p><ul><li>L\u2019am\u00e9nagement\u00a0: contrainte du volume, encombrement \u00e9lectrom\u00e9nager.<\/li><li>La cr\u00e9ation d\u2019un \u00eelot central rangement ou cuisson<\/li><li>La hotte\u00a0: murale, centrale, ou escamotable<\/li><li>Les rangements\u00a0: armoires, \u00e9tag\u00e8res, tiroirs, plateaux tournants.<\/li><li>Les portes\u00a0: pleines, vitr\u00e9es hayons ou coulissantes<\/li><li>Les plan de travail\u00a0: bois, granit, stratifi\u00e9\u2026.<\/li><li>L\u2019\u00e9vier et la robinetterie<\/li><li>L\u2019\u00e9clairage int\u00e9gr\u00e9.<\/li><\/ul><p>N&rsquo;h\u00e9sitez pas \u00e0 vous inspirer des cuisines que nous avons d\u00e9j\u00e0 fabriqu\u00e9 en cliquant sur les vignette ci-dessus<\/p>\t\t\t\t\t\t<\/div>\n\t\t\t\t<\/div>\n\t\t\t\t\t<\/div>\n\t\t<\/div>\n\t\t\t\t\t\t\t<\/div>\n\t\t<\/section>\n\t\t\t\t<section class=\"elementor-section elementor-top-section elementor-element elementor-element-07e80f3 elementor-section-full_width elementor-section-stretched elementor-section-height-default elementor-section-height-default\" data-id=\"07e80f3\" data-element_type=\"section\" data-settings=\"{&quot;background_background&quot;:&quot;classic&quot;,&quot;stretch_section&quot;:&quot;section-stretched&quot;}\">\n\t\t\t\t\t\t<div class=\"elementor-container elementor-column-gap-default\">\n\t\t\t\t\t<div class=\"elementor-column elementor-col-100 elementor-top-column elementor-element elementor-element-8cb4d93\" data-id=\"8cb4d93\" data-element_type=\"column\" data-settings=\"{&quot;background_background&quot;:&quot;classic&quot;}\">\n\t\t\t<div class=\"elementor-widget-wrap elementor-element-populated\">\n\t\t\t\t\t\t\t\t<div class=\"elementor-element elementor-element-2433717 e-grid-align-center e-grid-align-center elementor-shape-rounded elementor-grid-0 e-grid-align-center elementor-widget elementor-widget-social-icons\" data-id=\"2433717\" data-element_type=\"widget\" data-widget_type=\"social-icons.default\">\n\t\t\t\t<div class=\"elementor-widget-container\">\n\t\t\t\t\t<div class=\"elementor-social-icons-wrapper elementor-grid\">\n\t\t\t\t\t\t\t<div class=\"elementor-grid-item\">\n\t\t\t\t\t<a class=\"elementor-icon elementor-social-icon elementor-social-icon-facebook-f elementor-repeater-item-67bf153\" href=\"https:\/\/fr-fr.facebook.com\/Meuble.LEGAC\/\" target=\"_blank\">\n\t\t\t\t\t\t<span class=\"elementor-screen-only\">Facebook-f<\/span>\n\t\t\t\t\t\t<i class=\"fab fa-facebook-f\"><\/i>\t\t\t\t\t<\/a>\n\t\t\t\t<\/div>\n\t\t\t\t\t\t\t<div class=\"elementor-grid-item\">\n\t\t\t\t\t<a class=\"elementor-icon elementor-social-icon elementor-social-icon-instagram elementor-repeater-item-23d1af5\" href=\"https:\/\/www.instagram.com\/legac_michel\/\" target=\"_blank\">\n\t\t\t\t\t\t<span class=\"elementor-screen-only\">Instagram<\/span>\n\t\t\t\t\t\t<i class=\"fab fa-instagram\"><\/i>\t\t\t\t\t<\/a>\n\t\t\t\t<\/div>\n\t\t\t\t\t\t\t<div class=\"elementor-grid-item\">\n\t\t\t\t\t<a class=\"elementor-icon elementor-social-icon elementor-social-icon-envelope elementor-repeater-item-790760f\" href=\"mailto:legac@legac.fr\" target=\"_blank\">\n\t\t\t\t\t\t<span class=\"elementor-screen-only\">Envelope<\/span>\n\t\t\t\t\t\t<i class=\"fas fa-envelope\"><\/i>\t\t\t\t\t<\/a>\n\t\t\t\t<\/div>\n\t\t\t\t\t<\/div>\n\t\t\t\t<\/div>\n\t\t\t\t<\/div>\n\t\t\t\t\t<\/div>\n\t\t<\/div>\n\t\t\t\t<div class=\"elementor-column elementor-col-100 elementor-top-column elementor-element elementor-element-ea62d41\" data-id=\"ea62d41\" data-element_type=\"column\">\n\t\t\t<div class=\"elementor-widget-wrap elementor-element-populated\">\n\t\t\t\t\t\t\t\t<div class=\"elementor-element elementor-element-f14f24b elementor-view-framed elementor-shape-circle elementor-widget elementor-widget-icon\" data-id=\"f14f24b\" data-element_type=\"widget\" data-widget_type=\"icon.default\">\n\t\t\t\t<div class=\"elementor-widget-container\">\n\t\t\t\t\t<div class=\"elementor-icon-wrapper\">\n\t\t\t<a class=\"elementor-icon\" href=\"#top\">\n\t\t\t<i aria-hidden=\"true\" class=\"fas fa-chevron-circle-up\"><\/i>\t\t\t<\/a>\n\t\t<\/div>\n\t\t\t\t<\/div>\n\t\t\t\t<\/div>\n\t\t\t\t\t<\/div>\n\t\t<\/div>\n\t\t\t\t\t\t\t<\/div>\n\t\t<\/section>\n\t\t\t\t\t\t<\/div>\n\t\t\t\t\t<\/div>\n\t\t","protected":false},"excerpt":{"rendered":"<p>Nos cuisines Pour \u00eatre conviviale votre cuisine doit correspondre \u00e0 votre style de vie. Nous \u00e9tudions ensemble, vos besoins, vos envies afin que votre cuisine soit \u00e9l\u00e9gante et \u00a0fonctionnelle. Cuisine Carnac Cuisine Concarneau Cuisine Carhaix Cuisine Crozon Cuisine Ch\u00e2teaulin Cuisine Crac&rsquo;h Chaque point sera optimis\u00e9 : L\u2019am\u00e9nagement\u00a0: contrainte du volume, encombrement \u00e9lectrom\u00e9nager. La cr\u00e9ation d\u2019un &hellip; <\/p>\n<p class=\"link-more\"><a href=\"https:\/\/legac.fr\/wordpress\/legac\/cuisines\/\" class=\"more-link\">Continuer la lecture<span class=\"screen-reader-text\"> de &laquo;&nbsp;Cuisines&nbsp;&raquo;<\/span><\/a><\/p>\n","protected":false},"author":1,"featured_media":0,"parent":0,"menu_order":0,"comment_status":"closed","ping_status":"closed","template":"","meta":[],"_links":{"self":[{"href":"https:\/\/legac.fr\/wordpress\/legac\/wp-json\/wp\/v2\/pages\/15"}],"collection":[{"href":"https:\/\/legac.fr\/wordpress\/legac\/wp-json\/wp\/v2\/pages"}],"about":[{"href":"https:\/\/legac.fr\/wordpress\/legac\/wp-json\/wp\/v2\/types\/page"}],"author":[{"embeddable":true,"href":"https:\/\/legac.fr\/wordpress\/legac\/wp-json\/wp\/v2\/users\/1"}],"replies":[{"embeddable":true,"href":"https:\/\/legac.fr\/wordpress\/legac\/wp-json\/wp\/v2\/comments?post=15"}],"version-history":[{"count":88,"href":"https:\/\/legac.fr\/wordpress\/legac\/wp-json\/wp\/v2\/pages\/15\/revisions"}],"predecessor-version":[{"id":3255,"href":"https:\/\/legac.fr\/wordpress\/legac\/wp-json\/wp\/v2\/pages\/15\/revisions\/3255"}],"wp:attachment":[{"href":"https:\/\/legac.fr\/wordpress\/legac\/wp-json\/wp\/v2\/media?parent=15"}],"curies":[{"name":"wp","href":"https:\/\/api.w.org\/{rel}","templated":true}]}}